{"id":36,"date":"2013-02-15T23:20:53","date_gmt":"2013-02-15T23:20:53","guid":{"rendered":"http:\/\/woonboulevardzaandam.nl\/nl\/?page_id=36"},"modified":"2013-04-02T18:31:26","modified_gmt":"2013-04-02T18:31:26","slug":"disclaimer","status":"publish","type":"page","link":"http:\/\/woonboulevardzaandam.nl\/nl\/disclaimer\/","title":{"rendered":"disclaimer"},"content":{"rendered":"<p>De informatie op woonboulevardzaandam.nl is met uiterste zorg voor de betrouwbaarheid en actualiteit van de gegevens samengesteld. Onjuistheden kunnen echter voorkomen.<br \/>\nWoonboulevardzaandam.nl alsmede de aan haar gelieerde ondernemingen, reclame- en marketing activiteiten en hosting services zijn niet aansprakelijk voor schade als gevolg van onjuistheden, problemen veroorzaakt door, of inherent aan het verspreiden van de informatie via het internet alsmede technische storingen op woonboulevardzaandam.nl.<\/p>\n<p><strong>Privacy<\/strong><br \/>\nOp 5 juni 2012 is de telecomwet gewijzigd. E\u00e9n van de wijzigingen verplicht websitehouders bezoekers van de website toestemming te vragen voor het gebruik van zogenoemde cookies. Daardoor is elke website wettelijk verplicht de gebruiker te informeren over cookies en toestemming te vragen voor het gebruik hiervan. Ook deze website maakt gebruik van cookies.<\/p>\n<p>Wat zijn cookies?<br \/>\nCookies zijn kleine tekstbestanden die worden gemaakt, om bepaalde gegevens van websites die u bezoekt te bewaren. Bijvoorbeeld een taalkeuze of andere instellingen. Cookies zijn nodig om deze website beter te laten functioneren en voor statistische doeleinden. De cookies die gebruikt worden op woonboulevardzaandam.nl zijn niet te herleiden tot \u00e9\u00e9n persoon, \u00e9\u00e9n PC of ander apparaat. Een cookie slaat dus geen naam, adres, leeftijd of andere persoonlijke gegevens op.<\/p>\n<p>De website woonboulevardzaandam.nl maakt gebruik van:<br \/>\n1. Cookies voor websitestatistieken<br \/>\nDe statistieken op deze website worden bijgehouden met behulp van Statcounter. Dit is \u00e9\u00e9n van de meest gebruikte webanalyse-services en wordt aangeboden door Statcounter Ireland. Statcounter meet bezoekgegevens. Bijvoorbeeld welke pagina\u2019s het best worden bezocht, met welke browsers onze bezoekers op internet surfen of het gebruikte schermformaat.<br \/>\nWij kunnen met deze gegevens niet zien wie of welke PC onze website bezoekt. Op basis van de statistieken van Statcounter kunnen we de site verbeteren. Voor deze cookies moeten we toestemming vragen. De gegevens gebruiken we niet om te achterhalen wie u bent, maar alleen om uw bezoek aan onze site te analyseren.<br \/>\n2. Cookies van externe partijen<br \/>\nOp deze site maken we gebruik van Google, AddThis en andere externe partijen. Wij denken dat het gebruik van de diensten die deze externe partijen bieden, het bezoek aan onze website beter maken. De externe partijen kunnen cookies plaatsen om bepaalde gegevens vast te leggen, bijvoorbeeld om het klikgedrag van bezoekers te analyseren.<\/p>\n<p>Hoe kunt u cookies uitschakelen?<br \/>\nHet uitschakelen van cookies heeft alleen gevolgen voor de computer \u00e9n browser waarop u deze handeling uitvoert. Maakt u dus gebruik van meerdere computers of browsers, dan moet u deze handeling op elke computer en browser herhalen. Op de site van de overheidsinstantie \u201cWaarschuwingsdienst.nl\u201d vindt u meer informatie over het uitschakelen van cookies.<\/p>\n<p><strong>Afbeeldingen<\/strong><br \/>\nDe afbeeldingen in deze website zijn niet noodzakelijkerwijs gemaakt van producten afkomstig van- of bij bedrijven gevestigd op de woonboulevard, maar dienen enkel ter illustratie tenzij uitdrukkelijk anders vermeld.<\/p>\n<p><strong>Links<\/strong><br \/>\nVerwijzingen vanaf woonboulevardzaandam.nl naar websites van derden zijn uitsluitend bedoeld ten behoeve van een breed informatieaanbod voor bezoekers van deze website. De redactie, de beheerder of de internet service provider hebben geen enkele zeggenschap over de informatie en\/of diensten die deze websites bieden en\/of onderhouden, noch tijdens de eerste plaatsing van de link, noch op een later tijdstip, en zijn dan ook niet verantwoordelijk of aansprakelijk voor de via deze links aangeboden informatie, producten of diensten.<\/p>\n<p>&nbsp;<\/p>\n","protected":false},"excerpt":{"rendered":"<p>De informatie op woonboulevardzaandam.nl is met uiterste zorg voor de betrouwbaarheid en actualiteit van de gegevens samengesteld. Onjuistheden kunnen echter voorkomen. Woonboulevardzaandam.nl alsmede de aan haar gelieerde ondernemingen, reclame- en marketing activiteiten en hosting services zijn niet aansprakelijk voor schade als gevolg van onjuistheden, problemen veroorzaakt door, of inherent aan het verspreiden van de informatie [&hellip;]<\/p>\n","protected":false},"author":1,"featured_media":442,"parent":0,"menu_order":0,"comment_status":"open","ping_status":"open","template":"","meta":{"_et_pb_use_builder":"","_et_pb_old_content":"","_et_gb_content_width":""},"_links":{"self":[{"href":"http:\/\/woonboulevardzaandam.nl\/nl\/wp-json\/wp\/v2\/pages\/36"}],"collection":[{"href":"http:\/\/woonboulevardzaandam.nl\/nl\/wp-json\/wp\/v2\/pages"}],"about":[{"href":"http:\/\/woonboulevardzaandam.nl\/nl\/wp-json\/wp\/v2\/types\/page"}],"author":[{"embeddable":true,"href":"http:\/\/woonboulevardzaandam.nl\/nl\/wp-json\/wp\/v2\/users\/1"}],"replies":[{"embeddable":true,"href":"http:\/\/woonboulevardzaandam.nl\/nl\/wp-json\/wp\/v2\/comments?post=36"}],"version-history":[{"count":10,"href":"http:\/\/woonboulevardzaandam.nl\/nl\/wp-json\/wp\/v2\/pages\/36\/revisions"}],"predecessor-version":[{"id":552,"href":"http:\/\/woonboulevardzaandam.nl\/nl\/wp-json\/wp\/v2\/pages\/36\/revisions\/552"}],"wp:featuredmedia":[{"embeddable":true,"href":"http:\/\/woonboulevardzaandam.nl\/nl\/wp-json\/wp\/v2\/media\/442"}],"wp:attachment":[{"href":"http:\/\/woonboulevardzaandam.nl\/nl\/wp-json\/wp\/v2\/media?parent=36"}],"curies":[{"name":"wp","href":"https:\/\/api.w.org\/{rel}","templated":true}]}}